{"id":3152,"date":"2025-03-21T17:10:01","date_gmt":"2025-03-21T17:10:01","guid":{"rendered":"https:\/\/makowski-tax.com\/?page_id=3152"},"modified":"2025-03-21T17:46:51","modified_gmt":"2025-03-21T17:46:51","slug":"dzialalnosc-finansowa","status":"publish","type":"page","link":"https:\/\/makowski-tax.com\/en\/oferta\/doradztwo-podatkowe\/zakres-profesji-2\/dzialalnosc-finansowa\/","title":{"rendered":"Financial activity"},"content":{"rendered":"<div data-elementor-type=\"wp-page\" data-elementor-id=\"3152\" class=\"elementor elementor-3152\">\n\t\t\t\t<div class=\"elementor-element elementor-element-196a916 e-flex e-con-boxed e-con e-parent\" data-id=\"196a916\" data-element_type=\"container\">\n\t\t\t\t\t<div class=\"e-con-inner\">\n\t\t<div class=\"elementor-element elementor-element-b324ba2 e-con-full e-flex e-con e-child\" data-id=\"b324ba2\" data-element_type=\"container\">\n\t\t\t\t<div class=\"elementor-element elementor-element-92d1707 elementor-widget elementor-widget-heading\" data-id=\"92d1707\" data-element_type=\"widget\" data-widget_type=\"heading.default\">\n\t\t\t\t<div class=\"elementor-widget-container\">\n\t\t\t<style>\/*! elementor - v3.23.0 - 05-08-2024 *\/\n.elementor-heading-title{padding:0;margin:0;line-height:1}.elementor-widget-heading .elementor-heading-title[class*=elementor-size-]>a{color:inherit;font-size:inherit;line-height:inherit}.elementor-widget-heading .elementor-heading-title.elementor-size-small{font-size:15px}.elementor-widget-heading .elementor-heading-title.elementor-size-medium{font-size:19px}.elementor-widget-heading .elementor-heading-title.elementor-size-large{font-size:29px}.elementor-widget-heading .elementor-heading-title.elementor-size-xl{font-size:39px}.elementor-widget-heading .elementor-heading-title.elementor-size-xxl{font-size:59px}<\/style><h5 class=\"elementor-heading-title elementor-size-default\">Services<\/h5>\t\t<\/div>\n\t\t\t\t<\/div>\n\t\t<div class=\"elementor-element elementor-element-1e78687 e-con-full e-flex e-con e-child\" data-id=\"1e78687\" data-element_type=\"container\">\n\t\t<div class=\"elementor-element elementor-element-e2b8f8d e-con-full e-flex e-con e-child\" data-id=\"e2b8f8d\" data-element_type=\"container\">\n\t\t\t\t<div class=\"elementor-element elementor-element-4beb9b6 widget-title elementor-widget-divider--view-line elementor-widget elementor-widget-divider\" data-id=\"4beb9b6\" data-element_type=\"widget\" data-widget_type=\"divider.default\">\n\t\t\t\t<div class=\"elementor-widget-container\">\n\t\t\t<style>\/*! elementor - v3.23.0 - 05-08-2024 *\/\n.elementor-widget-divider{--divider-border-style:none;--divider-border-width:1px;--divider-color:#0c0d0e;--divider-icon-size:20px;--divider-element-spacing:10px;--divider-pattern-height:24px;--divider-pattern-size:20px;--divider-pattern-url:none;--divider-pattern-repeat:repeat-x}.elementor-widget-divider .elementor-divider{display:flex}.elementor-widget-divider .elementor-divider__text{font-size:15px;line-height:1;max-width:95%}.elementor-widget-divider .elementor-divider__element{margin:0 var(--divider-element-spacing);flex-shrink:0}.elementor-widget-divider .elementor-icon{font-size:var(--divider-icon-size)}.elementor-widget-divider .elementor-divider-separator{display:flex;margin:0;direction:ltr}.elementor-widget-divider--view-line_icon .elementor-divider-separator,.elementor-widget-divider--view-line_text .elementor-divider-separator{align-items:center}.elementor-widget-divider--view-line_icon .elementor-divider-separator:after,.elementor-widget-divider--view-line_icon .elementor-divider-separator:before,.elementor-widget-divider--view-line_text .elementor-divider-separator:after,.elementor-widget-divider--view-line_text .elementor-divider-separator:before{display:block;content:\"\";border-block-end:0;flex-grow:1;border-block-start:var(--divider-border-width) var(--divider-border-style) var(--divider-color)}.elementor-widget-divider--element-align-left .elementor-divider .elementor-divider-separator>.elementor-divider__svg:first-of-type{flex-grow:0;flex-shrink:100}.elementor-widget-divider--element-align-left .elementor-divider-separator:before{content:none}.elementor-widget-divider--element-align-left .elementor-divider__element{margin-left:0}.elementor-widget-divider--element-align-right .elementor-divider .elementor-divider-separator>.elementor-divider__svg:last-of-type{flex-grow:0;flex-shrink:100}.elementor-widget-divider--element-align-right .elementor-divider-separator:after{content:none}.elementor-widget-divider--element-align-right .elementor-divider__element{margin-right:0}.elementor-widget-divider--element-align-start .elementor-divider .elementor-divider-separator>.elementor-divider__svg:first-of-type{flex-grow:0;flex-shrink:100}.elementor-widget-divider--element-align-start .elementor-divider-separator:before{content:none}.elementor-widget-divider--element-align-start .elementor-divider__element{margin-inline-start:0}.elementor-widget-divider--element-align-end .elementor-divider .elementor-divider-separator>.elementor-divider__svg:last-of-type{flex-grow:0;flex-shrink:100}.elementor-widget-divider--element-align-end .elementor-divider-separator:after{content:none}.elementor-widget-divider--element-align-end .elementor-divider__element{margin-inline-end:0}.elementor-widget-divider:not(.elementor-widget-divider--view-line_text):not(.elementor-widget-divider--view-line_icon) .elementor-divider-separator{border-block-start:var(--divider-border-width) var(--divider-border-style) var(--divider-color)}.elementor-widget-divider--separator-type-pattern{--divider-border-style:none}.elementor-widget-divider--separator-type-pattern.elementor-widget-divider--view-line .elementor-divider-separator,.elementor-widget-divider--separator-type-pattern:not(.elementor-widget-divider--view-line) .elementor-divider-separator:after,.elementor-widget-divider--separator-type-pattern:not(.elementor-widget-divider--view-line) .elementor-divider-separator:before,.elementor-widget-divider--separator-type-pattern:not([class*=elementor-widget-divider--view]) .elementor-divider-separator{width:100%;min-height:var(--divider-pattern-height);-webkit-mask-size:var(--divider-pattern-size) 100%;mask-size:var(--divider-pattern-size) 100%;-webkit-mask-repeat:var(--divider-pattern-repeat);mask-repeat:var(--divider-pattern-repeat);background-color:var(--divider-color);-webkit-mask-image:var(--divider-pattern-url);mask-image:var(--divider-pattern-url)}.elementor-widget-divider--no-spacing{--divider-pattern-size:auto}.elementor-widget-divider--bg-round{--divider-pattern-repeat:round}.rtl .elementor-widget-divider .elementor-divider__text{direction:rtl}.e-con-inner>.elementor-widget-divider,.e-con>.elementor-widget-divider{width:var(--container-widget-width,100%);--flex-grow:var(--container-widget-flex-grow)}<\/style>\t\t<div class=\"elementor-divider\">\n\t\t\t<span class=\"elementor-divider-separator\">\n\t\t\t\t\t\t<\/span>\n\t\t<\/div>\n\t\t\t\t<\/div>\n\t\t\t\t<\/div>\n\t\t\t\t<\/div>\n\t\t<div class=\"elementor-element elementor-element-33e4d53 e-con-full e-flex e-con e-child\" data-id=\"33e4d53\" data-element_type=\"container\">\n\t\t\t\t<div class=\"elementor-element elementor-element-d8a52b4 elementor-widget-divider--view-line elementor-widget elementor-widget-divider\" data-id=\"d8a52b4\" data-element_type=\"widget\" data-widget_type=\"divider.default\">\n\t\t\t\t<div class=\"elementor-widget-container\">\n\t\t\t\t\t<div class=\"elementor-divider\">\n\t\t\t<span class=\"elementor-divider-separator\">\n\t\t\t\t\t\t<\/span>\n\t\t<\/div>\n\t\t\t\t<\/div>\n\t\t\t\t<\/div>\n\t\t\t\t<\/div>\n\t\t\t\t<\/div>\n\t\t\t\t<div class=\"elementor-element elementor-element-626ded1 elementor-icon-list--layout-traditional elementor-list-item-link-full_width elementor-widget elementor-widget-icon-list\" data-id=\"626ded1\" data-element_type=\"widget\" data-widget_type=\"icon-list.default\">\n\t\t\t\t<div class=\"elementor-widget-container\">\n\t\t\t<link rel=\"stylesheet\" href=\"https:\/\/makowski-tax.com\/wp-content\/plugins\/elementor\/assets\/css\/widget-icon-list.min.css\">\t\t<ul class=\"elementor-icon-list-items\">\n\t\t\t\t\t\t\t<li class=\"elementor-icon-list-item\">\n\t\t\t\t\t\t\t\t\t\t\t<a href=\"https:\/\/makowski-tax.com\/en\/oferta\/doradztwo-podatkowe\/\">\n\n\t\t\t\t\t\t\t\t\t\t\t\t<span class=\"elementor-icon-list-icon\">\n\t\t\t\t\t\t\t<svg xmlns=\"http:\/\/www.w3.org\/2000\/svg\" xmlns:xlink=\"http:\/\/www.w3.org\/1999\/xlink\" id=\"Capa_1\" x=\"0px\" y=\"0px\" viewbox=\"0 0 29.107 29.107\" style=\"enable-background:new 0 0 29.107 29.107;\" xml:space=\"preserve\"><g>\t<g id=\"c147_full_moon\">\t\t<g>\t\t\t<path d=\"M14.554,0C6.561,0,0,6.562,0,14.552c0,7.996,6.561,14.555,14.554,14.555c7.996,0,14.553-6.559,14.553-14.555    C29.106,6.562,22.55,0,14.554,0z\"><\/path>\t\t<\/g>\t<\/g>\t<g id=\"Capa_1_14_\">\t<\/g><\/g><g><\/g><g><\/g><g><\/g><g><\/g><g><\/g><g><\/g><g><\/g><g><\/g><g><\/g><g><\/g><g><\/g><g><\/g><g><\/g><g><\/g><g><\/g><\/svg>\t\t\t\t\t\t<\/span>\n\t\t\t\t\t\t\t\t\t\t<span class=\"elementor-icon-list-text\">Tax consultancy<\/span>\n\t\t\t\t\t\t\t\t\t\t\t<\/a>\n\t\t\t\t\t\t\t\t\t<\/li>\n\t\t\t\t\t\t\t\t<li class=\"elementor-icon-list-item\">\n\t\t\t\t\t\t\t\t\t\t\t<a href=\"https:\/\/makowski-tax.com\/en\/oferta\/konsultacje-we-wdrazaniu-rozwiazan-it\/\">\n\n\t\t\t\t\t\t\t\t\t\t\t\t<span class=\"elementor-icon-list-icon\">\n\t\t\t\t\t\t\t<svg xmlns=\"http:\/\/www.w3.org\/2000\/svg\" xmlns:xlink=\"http:\/\/www.w3.org\/1999\/xlink\" id=\"Capa_1\" x=\"0px\" y=\"0px\" viewbox=\"0 0 29.107 29.107\" style=\"enable-background:new 0 0 29.107 29.107;\" xml:space=\"preserve\"><g>\t<g id=\"c147_full_moon\">\t\t<g>\t\t\t<path d=\"M14.554,0C6.561,0,0,6.562,0,14.552c0,7.996,6.561,14.555,14.554,14.555c7.996,0,14.553-6.559,14.553-14.555    C29.106,6.562,22.55,0,14.554,0z\"><\/path>\t\t<\/g>\t<\/g>\t<g id=\"Capa_1_14_\">\t<\/g><\/g><g><\/g><g><\/g><g><\/g><g><\/g><g><\/g><g><\/g><g><\/g><g><\/g><g><\/g><g><\/g><g><\/g><g><\/g><g><\/g><g><\/g><g><\/g><\/svg>\t\t\t\t\t\t<\/span>\n\t\t\t\t\t\t\t\t\t\t<span class=\"elementor-icon-list-text\">Consulting in the implementation of IT solutions<\/span>\n\t\t\t\t\t\t\t\t\t\t\t<\/a>\n\t\t\t\t\t\t\t\t\t<\/li>\n\t\t\t\t\t\t\t\t<li class=\"elementor-icon-list-item\">\n\t\t\t\t\t\t\t\t\t\t\t<a href=\"https:\/\/makowski-tax.com\/en\/oferta\/konsultacje-publiczne-projektow-legislacyjnych\/\">\n\n\t\t\t\t\t\t\t\t\t\t\t\t<span class=\"elementor-icon-list-icon\">\n\t\t\t\t\t\t\t<svg xmlns=\"http:\/\/www.w3.org\/2000\/svg\" xmlns:xlink=\"http:\/\/www.w3.org\/1999\/xlink\" id=\"Capa_1\" x=\"0px\" y=\"0px\" viewbox=\"0 0 29.107 29.107\" style=\"enable-background:new 0 0 29.107 29.107;\" xml:space=\"preserve\"><g>\t<g id=\"c147_full_moon\">\t\t<g>\t\t\t<path d=\"M14.554,0C6.561,0,0,6.562,0,14.552c0,7.996,6.561,14.555,14.554,14.555c7.996,0,14.553-6.559,14.553-14.555    C29.106,6.562,22.55,0,14.554,0z\"><\/path>\t\t<\/g>\t<\/g>\t<g id=\"Capa_1_14_\">\t<\/g><\/g><g><\/g><g><\/g><g><\/g><g><\/g><g><\/g><g><\/g><g><\/g><g><\/g><g><\/g><g><\/g><g><\/g><g><\/g><g><\/g><g><\/g><g><\/g><\/svg>\t\t\t\t\t\t<\/span>\n\t\t\t\t\t\t\t\t\t\t<span class=\"elementor-icon-list-text\">Public consultations on legislative proposals<\/span>\n\t\t\t\t\t\t\t\t\t\t\t<\/a>\n\t\t\t\t\t\t\t\t\t<\/li>\n\t\t\t\t\t\t\t\t<li class=\"elementor-icon-list-item\">\n\t\t\t\t\t\t\t\t\t\t\t<a href=\"https:\/\/makowski-tax.com\/en\/oferta\/optymalizacje-procesow-w-podatkach\/\">\n\n\t\t\t\t\t\t\t\t\t\t\t\t<span class=\"elementor-icon-list-icon\">\n\t\t\t\t\t\t\t<svg xmlns=\"http:\/\/www.w3.org\/2000\/svg\" xmlns:xlink=\"http:\/\/www.w3.org\/1999\/xlink\" id=\"Capa_1\" x=\"0px\" y=\"0px\" viewbox=\"0 0 29.107 29.107\" style=\"enable-background:new 0 0 29.107 29.107;\" xml:space=\"preserve\"><g>\t<g id=\"c147_full_moon\">\t\t<g>\t\t\t<path d=\"M14.554,0C6.561,0,0,6.562,0,14.552c0,7.996,6.561,14.555,14.554,14.555c7.996,0,14.553-6.559,14.553-14.555    C29.106,6.562,22.55,0,14.554,0z\"><\/path>\t\t<\/g>\t<\/g>\t<g id=\"Capa_1_14_\">\t<\/g><\/g><g><\/g><g><\/g><g><\/g><g><\/g><g><\/g><g><\/g><g><\/g><g><\/g><g><\/g><g><\/g><g><\/g><g><\/g><g><\/g><g><\/g><g><\/g><\/svg>\t\t\t\t\t\t<\/span>\n\t\t\t\t\t\t\t\t\t\t<span class=\"elementor-icon-list-text\">Optimization of processes in taxes<\/span>\n\t\t\t\t\t\t\t\t\t\t\t<\/a>\n\t\t\t\t\t\t\t\t\t<\/li>\n\t\t\t\t\t\t<\/ul>\n\t\t\t\t<\/div>\n\t\t\t\t<\/div>\n\t\t\t\t<\/div>\n\t\t<div class=\"elementor-element elementor-element-1e6151a e-con-full e-flex e-con e-child\" data-id=\"1e6151a\" data-element_type=\"container\">\n\t\t\t\t<div class=\"elementor-element elementor-element-4f2abc1 elementor-widget elementor-widget-text-editor\" data-id=\"4f2abc1\" data-element_type=\"widget\" data-widget_type=\"text-editor.default\">\n\t\t\t\t<div class=\"elementor-widget-container\">\n\t\t\t<style>\/*! elementor - v3.23.0 - 05-08-2024 *\/\n.elementor-widget-text-editor.elementor-drop-cap-view-stacked .elementor-drop-cap{background-color:#69727d;color:#fff}.elementor-widget-text-editor.elementor-drop-cap-view-framed .elementor-drop-cap{color:#69727d;border:3px solid;background-color:transparent}.elementor-widget-text-editor:not(.elementor-drop-cap-view-default) .elementor-drop-cap{margin-top:8px}.elementor-widget-text-editor:not(.elementor-drop-cap-view-default) .elementor-drop-cap-letter{width:1em;height:1em}.elementor-widget-text-editor .elementor-drop-cap{float:left;text-align:center;line-height:1;font-size:50px}.elementor-widget-text-editor .elementor-drop-cap-letter{display:inline-block}<\/style>\t\t\t\t<h4 data-pm-slice=\"1 1 []\">Tax consultancy for the financial sector<\/h4><p>Companies operating in the financial sector, such as banks, investment funds, insurance companies or lending institutions, are subject to specific tax regulations that require in-depth knowledge of tax law and practice. My tax advisory services for financial activities include comprehensive support in the interpretation and application of specific tax regulations, ensuring full compliance of the company&#039;s operations with applicable regulations.<\/p><h4>An individual approach to the tax specifics of the financial sector<\/h4><p>Thanks to my individual approach to each client, I thoroughly analyze the needs of your company, identifying tax risks and opportunities to optimize liabilities. I advise on taxes specific to the financial industry, including issues related to the taxation of financial transactions, financial services or investments. My support also includes representation before tax authorities and ongoing consultations on changing legal regulations.<\/p><h4>Tax efficiency for financial institutions<\/h4><p>The aim of my consulting is not only to ensure full compliance with tax regulations, but also to optimise tax liabilities, which translates into real financial benefits and greater operational efficiency of financial institutions.<\/p><p>I invite you to cooperate so that we can jointly implement the best tax solutions, ideally suited to the specifics of your financial activity.<\/p><p>\u00a0<\/p>\t\t\t\t\t\t<\/div>\n\t\t\t\t<\/div>\n\t\t<div class=\"elementor-element elementor-element-03ccbbf e-con-full e-flex e-con e-child\" data-id=\"03ccbbf\" data-element_type=\"container\" data-settings=\"{&quot;background_background&quot;:&quot;classic&quot;}\">\n\t\t<div class=\"elementor-element elementor-element-1d0bcf6 e-con-full e-flex e-con e-child\" data-id=\"1d0bcf6\" data-element_type=\"container\">\n\t\t\t\t<div class=\"elementor-element elementor-element-e51ff3f elementor-widget elementor-widget-heading\" data-id=\"e51ff3f\" data-element_type=\"widget\" data-widget_type=\"heading.default\">\n\t\t\t\t<div class=\"elementor-widget-container\">\n\t\t\t<h6 class=\"elementor-heading-title elementor-size-default\">What makes me stand out<\/h6>\t\t<\/div>\n\t\t\t\t<\/div>\n\t\t\t\t<div class=\"elementor-element elementor-element-81e518f elementor-widget elementor-widget-heading\" data-id=\"81e518f\" data-element_type=\"widget\" data-widget_type=\"heading.default\">\n\t\t\t\t<div class=\"elementor-widget-container\">\n\t\t\t<h3 class=\"elementor-heading-title elementor-size-default\">Thanks to my work in business, I know the needs of business, I know what business expects from an advisor, how an advisor can effectively help and what an advisor should not do<\/h3>\t\t<\/div>\n\t\t\t\t<\/div>\n\t\t\t\t<div class=\"elementor-element elementor-element-44123c4 elementor-widget elementor-widget-ibutton\" data-id=\"44123c4\" data-element_type=\"widget\" data-widget_type=\"ibutton.default\">\n\t\t\t\t<div class=\"elementor-widget-container\">\n\t\t\t\t\t<div class=\"ot-button\">\r\n\t\t\t<a href=\"https:\/\/makowski-tax.com\/en\/kontakt\/\" class=\"octf-btn octf-btn-light\">Text me<\/a>\r\n\t    <\/div>\r\n\t    \t\t<\/div>\n\t\t\t\t<\/div>\n\t\t\t\t<\/div>\n\t\t<div class=\"elementor-element elementor-element-9bb82ab e-con-full e-flex e-con e-child\" data-id=\"9bb82ab\" data-element_type=\"container\">\n\t\t\t\t<\/div>\n\t\t\t\t<\/div>\n\t\t\t\t<\/div>\n\t\t\t\t\t<\/div>\n\t\t\t\t<\/div>\n\t\t\t\t<\/div>","protected":false},"excerpt":{"rendered":"<p>Us\u0142ugi Doradztwo podatkowe Konsultacje we wdra\u017caniu rozwi\u0105za\u0144 IT Konsultacje publiczne projekt\u00f3w legislacyjnych Optymalizacje proces\u00f3w w podatkach Doradztwo podatkowe dla sektora finansowego Firmy dzia\u0142aj\u0105ce w sektorze finansowym, takie jak banki, fundusze inwestycyjne, firmy ubezpieczeniowe czy instytucje po\u017cyczkowe, podlegaj\u0105 specyficznym regulacjom podatkowym, kt\u00f3re wymagaj\u0105 dog\u0142\u0119bnej znajomo\u015bci prawa oraz praktyki podatkowej. Moje doradztwo podatkowe skierowane do dzia\u0142alno\u015bci finansowej [&hellip;]<\/p>","protected":false},"author":4,"featured_media":0,"parent":3147,"menu_order":0,"comment_status":"closed","ping_status":"closed","template":"","meta":{"footnotes":""},"class_list":["post-3152","page","type-page","status-publish","hentry"],"_links":{"self":[{"href":"https:\/\/makowski-tax.com\/en\/wp-json\/wp\/v2\/pages\/3152","targetHints":{"allow":["GET"]}}],"collection":[{"href":"https:\/\/makowski-tax.com\/en\/wp-json\/wp\/v2\/pages"}],"about":[{"href":"https:\/\/makowski-tax.com\/en\/wp-json\/wp\/v2\/types\/page"}],"author":[{"embeddable":true,"href":"https:\/\/makowski-tax.com\/en\/wp-json\/wp\/v2\/users\/4"}],"replies":[{"embeddable":true,"href":"https:\/\/makowski-tax.com\/en\/wp-json\/wp\/v2\/comments?post=3152"}],"version-history":[{"count":4,"href":"https:\/\/makowski-tax.com\/en\/wp-json\/wp\/v2\/pages\/3152\/revisions"}],"predecessor-version":[{"id":3182,"href":"https:\/\/makowski-tax.com\/en\/wp-json\/wp\/v2\/pages\/3152\/revisions\/3182"}],"up":[{"embeddable":true,"href":"https:\/\/makowski-tax.com\/en\/wp-json\/wp\/v2\/pages\/3147"}],"wp:attachment":[{"href":"https:\/\/makowski-tax.com\/en\/wp-json\/wp\/v2\/media?parent=3152"}],"curies":[{"name":"wp","href":"https:\/\/api.w.org\/{rel}","templated":true}]}}