{"id":3032,"date":"2025-03-21T12:03:54","date_gmt":"2025-03-21T12:03:54","guid":{"rendered":"https:\/\/makowski-tax.com\/?page_id=3032"},"modified":"2025-03-21T12:15:59","modified_gmt":"2025-03-21T12:15:59","slug":"oferta","status":"publish","type":"page","link":"https:\/\/makowski-tax.com\/en\/oferta\/","title":{"rendered":"Offer"},"content":{"rendered":"<div data-elementor-type=\"wp-page\" data-elementor-id=\"3032\" class=\"elementor elementor-3032\">\n\t\t\t\t\t\t<section class=\"elementor-section elementor-top-section elementor-element elementor-element-50913d0 elementor-section-full_width elementor-section-height-default elementor-section-height-default\" data-id=\"50913d0\" data-element_type=\"section\">\n\t\t\t\t\t\t<div class=\"elementor-container elementor-column-gap-default\">\n\t\t\t\t\t<div class=\"elementor-column elementor-col-100 elementor-top-column elementor-element elementor-element-6431d9b ot-flex-column-vertical\" data-id=\"6431d9b\" data-element_type=\"column\">\n\t\t\t<div class=\"elementor-widget-wrap elementor-element-populated\">\n\t\t\t\t\t\t<section class=\"elementor-section elementor-inner-section elementor-element elementor-element-2d79a54 elementor-section-full_width elementor-section-height-default elementor-section-height-default\" data-id=\"2d79a54\" data-element_type=\"section\">\n\t\t\t\t\t\t<div class=\"elementor-container elementor-column-gap-default\">\n\t\t\t\t\t<div class=\"elementor-column elementor-col-33 elementor-inner-column elementor-element elementor-element-d6f8efd ot-flex-column-vertical\" data-id=\"d6f8efd\" data-element_type=\"column\">\n\t\t\t<div class=\"elementor-widget-wrap\">\n\t\t\t\t\t\t\t<\/div>\n\t\t<\/div>\n\t\t\t\t<div class=\"elementor-column elementor-col-33 elementor-inner-column elementor-element elementor-element-403e7f7 ot-flex-column-vertical\" data-id=\"403e7f7\" data-element_type=\"column\">\n\t\t\t<div class=\"elementor-widget-wrap elementor-element-populated\">\n\t\t\t\t\t\t<div class=\"elementor-element elementor-element-53a4218 elementor-widget elementor-widget-iheading\" data-id=\"53a4218\" data-element_type=\"widget\" data-widget_type=\"iheading.default\">\n\t\t\t\t<div class=\"elementor-widget-container\">\n\t\t\t\t\t<div class=\"ot-heading\">\r\n\t        <span class=\"\">I invite you to cooperate<\/span>\t        <h3 class=\"main-head\">My offer<\/h3>\t    <\/div>\r\n\t    \t\t<\/div>\n\t\t\t\t<\/div>\n\t\t\t\t\t<\/div>\n\t\t<\/div>\n\t\t\t\t<div class=\"elementor-column elementor-col-33 elementor-inner-column elementor-element elementor-element-40e4f84 ot-flex-column-vertical\" data-id=\"40e4f84\" data-element_type=\"column\">\n\t\t\t<div class=\"elementor-widget-wrap\">\n\t\t\t\t\t\t\t<\/div>\n\t\t<\/div>\n\t\t\t\t\t<\/div>\n\t\t<\/section>\n\t\t<div class=\"elementor-element elementor-element-723380e e-con-full e-flex e-con e-parent\" data-id=\"723380e\" data-element_type=\"container\" data-settings=\"{&quot;background_background&quot;:&quot;classic&quot;}\">\n\t\t<div class=\"elementor-element elementor-element-c4237c8 e-con-full e-flex e-con e-child\" data-id=\"c4237c8\" data-element_type=\"container\">\n\t\t\t\t<div class=\"elementor-element elementor-element-867dcf6 wszystkie-m-us\u0142ugi elementor-widget elementor-widget-iimage_box\" data-id=\"867dcf6\" data-element_type=\"widget\" data-widget_type=\"iimage_box.default\">\n\t\t\t\t<div class=\"elementor-widget-container\">\n\t\t\t\r\n\t\t<div class=\"ot-image-box\">\r\n\t\t\t<a href=\"https:\/\/makowski-tax.com\/en\/oferta\/doradztwo-podatkowe\/\"><img fetchpriority=\"high\" decoding=\"async\" width=\"870\" height=\"576\" src=\"https:\/\/makowski-tax.com\/wp-content\/uploads\/2020\/12\/service-box1.jpg\" class=\"attachment-full size-full wp-image-1986\" alt=\"\" \/><\/a>\t\t\t<div class=\"content-box\">\r\n\t\t\t\t<h5 class=\"title-box\"><a href=\"https:\/\/makowski-tax.com\/en\/oferta\/doradztwo-podatkowe\/\">Tax consultancy<\/a><\/h5>\t\t\t\t<p>I am a tax advisor with over 15 years of experience, specializing in VAT, PCC, property tax, excise duty. I will be happy to support you in your business, help you plan and settle transactions correctly, and secure your business tax-wise, so that you can focus on what you know best. I prepare tax opinions, provide ongoing advice, prepare letters to authorities and complaints to administrative courts. Feel free to contact me!<\/p>\t\t\t<\/div>\r\n\t\t\t<a href=\"https:\/\/makowski-tax.com\/en\/oferta\/doradztwo-podatkowe\/\" class=\"link-box font-second\"><span>See details<\/span><i class=\"ot-flaticon-trajectory\"><\/i><\/a>\t    <\/div>\r\n\r\n\t    \t\t<\/div>\n\t\t\t\t<\/div>\n\t\t\t\t<\/div>\n\t\t<div class=\"elementor-element elementor-element-c8239a7 e-con-full e-flex e-con e-child\" data-id=\"c8239a7\" data-element_type=\"container\">\n\t\t\t\t<div class=\"elementor-element elementor-element-ca4f79d wszystkie-m-us\u0142ugi elementor-widget elementor-widget-iimage_box\" data-id=\"ca4f79d\" data-element_type=\"widget\" data-widget_type=\"iimage_box.default\">\n\t\t\t\t<div class=\"elementor-widget-container\">\n\t\t\t\r\n\t\t<div class=\"ot-image-box\">\r\n\t\t\t<a href=\"https:\/\/makowski-tax.com\/en\/oferta\/konsultacje-we-wdrazaniu-rozwiazan-it\/\"><img decoding=\"async\" width=\"870\" height=\"567\" src=\"https:\/\/makowski-tax.com\/wp-content\/uploads\/2024\/08\/10478-2.webp\" class=\"attachment-full size-full wp-image-2316\" alt=\"\" srcset=\"https:\/\/makowski-tax.com\/wp-content\/uploads\/2024\/08\/10478-2.webp 870w, https:\/\/makowski-tax.com\/wp-content\/uploads\/2024\/08\/10478-2-300x196.webp 300w, https:\/\/makowski-tax.com\/wp-content\/uploads\/2024\/08\/10478-2-768x501.webp 768w\" sizes=\"(max-width: 870px) 100vw, 870px\" \/><\/a>\t\t\t<div class=\"content-box\">\r\n\t\t\t\t<h5 class=\"title-box\"><a href=\"https:\/\/makowski-tax.com\/en\/oferta\/konsultacje-we-wdrazaniu-rozwiazan-it\/\">Consulting in the implementation of IT solutions<\/a><\/h5>\t\t\t\t<p>Taxes have entered the digital world. Implementing new obligations such as KSeF or JPK_CIT is not only IT work, it is also ensuring tax correctness, introducing appropriate procedures for operating with new tools. It is also a chance to automate tax processes and create convenient tools for analyzing tax data. I have extensive experience in such projects, I have implemented KSeF, JPK_VAT. I will be happy to help you too. I invite you to contact me!<\/p>\t\t\t<\/div>\r\n\t\t\t<a href=\"https:\/\/makowski-tax.com\/en\/oferta\/konsultacje-we-wdrazaniu-rozwiazan-it\/\" class=\"link-box font-second\"><span>See details<\/span><i class=\"ot-flaticon-trajectory\"><\/i><\/a>\t    <\/div>\r\n\r\n\t    \t\t<\/div>\n\t\t\t\t<\/div>\n\t\t\t\t<\/div>\n\t\t<div class=\"elementor-element elementor-element-87c7e87 e-con-full e-flex e-con e-child\" data-id=\"87c7e87\" data-element_type=\"container\">\n\t\t\t\t<div class=\"elementor-element elementor-element-0390f69 wszystkie-m-us\u0142ugi elementor-widget elementor-widget-iimage_box\" data-id=\"0390f69\" data-element_type=\"widget\" data-widget_type=\"iimage_box.default\">\n\t\t\t\t<div class=\"elementor-widget-container\">\n\t\t\t\r\n\t\t<div class=\"ot-image-box\">\r\n\t\t\t<a href=\"https:\/\/makowski-tax.com\/en\/oferta\/konsultacje-publiczne-projektow-legislacyjnych\/\"><img decoding=\"async\" width=\"768\" height=\"501\" src=\"https:\/\/makowski-tax.com\/wp-content\/uploads\/2024\/08\/73278-768x501.webp\" class=\"attachment-medium_large size-medium_large wp-image-2308\" alt=\"\" srcset=\"https:\/\/makowski-tax.com\/wp-content\/uploads\/2024\/08\/73278-768x501.webp 768w, https:\/\/makowski-tax.com\/wp-content\/uploads\/2024\/08\/73278-300x196.webp 300w, https:\/\/makowski-tax.com\/wp-content\/uploads\/2024\/08\/73278.webp 870w\" sizes=\"(max-width: 768px) 100vw, 768px\" \/><\/a>\t\t\t<div class=\"content-box\">\r\n\t\t\t\t<h5 class=\"title-box\"><a href=\"https:\/\/makowski-tax.com\/en\/oferta\/konsultacje-publiczne-projektow-legislacyjnych\/\">Public consultations on legislative proposals<\/a><\/h5>\t\t\t\t<p>Tax law changes very often, changes can be very burdensome and expensive to implement. As part of my services, I can actively participate in tax consultations on legislative projects on your behalf, submitting comments and proposing legislative solutions that improve the projects, softening the discomfort of new obligations. The Ministry of Finance is people, they do not know everything, sometimes things that are simple for you can be omitted. Your voice counts! I invite you to contact me!<\/p>\t\t\t<\/div>\r\n\t\t\t<a href=\"https:\/\/makowski-tax.com\/en\/oferta\/konsultacje-publiczne-projektow-legislacyjnych\/\" class=\"link-box font-second\"><span>See details<\/span><i class=\"ot-flaticon-trajectory\"><\/i><\/a>\t    <\/div>\r\n\r\n\t    \t\t<\/div>\n\t\t\t\t<\/div>\n\t\t\t\t<\/div>\n\t\t<div class=\"elementor-element elementor-element-451f0d3 e-con-full e-flex e-con e-child\" data-id=\"451f0d3\" data-element_type=\"container\">\n\t\t\t\t<div class=\"elementor-element elementor-element-033e83c wszystkie-m-us\u0142ugi elementor-widget elementor-widget-iimage_box\" data-id=\"033e83c\" data-element_type=\"widget\" data-widget_type=\"iimage_box.default\">\n\t\t\t\t<div class=\"elementor-widget-container\">\n\t\t\t\r\n\t\t<div class=\"ot-image-box\">\r\n\t\t\t<a href=\"https:\/\/makowski-tax.com\/en\/oferta\/optymalizacje-procesow-w-podatkach\/\"><img loading=\"lazy\" decoding=\"async\" width=\"1000\" height=\"667\" src=\"https:\/\/makowski-tax.com\/wp-content\/uploads\/2024\/08\/733.jpg\" class=\"attachment-full size-full wp-image-2198\" alt=\"\" srcset=\"https:\/\/makowski-tax.com\/wp-content\/uploads\/2024\/08\/733.jpg 1000w, https:\/\/makowski-tax.com\/wp-content\/uploads\/2024\/08\/733-300x200.jpg 300w, https:\/\/makowski-tax.com\/wp-content\/uploads\/2024\/08\/733-768x512.jpg 768w, https:\/\/makowski-tax.com\/wp-content\/uploads\/2024\/08\/733-600x400.jpg 600w\" sizes=\"(max-width: 1000px) 100vw, 1000px\" \/><\/a>\t\t\t<div class=\"content-box\">\r\n\t\t\t\t<h5 class=\"title-box\"><a href=\"https:\/\/makowski-tax.com\/en\/oferta\/optymalizacje-procesow-w-podatkach\/\">Optimization of processes in taxes<\/a><\/h5>\t\t\t\t<p>You need to register your business for VAT purposes in Poland - I will help. I know what documents to submit, how to fill out applications, leave the formalities to me. You want or need to register your business in another EU country - I will be happy to help with that too. If you need to obtain registration for PCC payment, fulfill excise duties, or need help with completing other tax formalities, leave it to me. I invite you to contact me!\n<\/p>\t\t\t<\/div>\r\n\t\t\t<a href=\"https:\/\/makowski-tax.com\/en\/oferta\/optymalizacje-procesow-w-podatkach\/\" class=\"link-box font-second\"><span>See details<\/span><i class=\"ot-flaticon-trajectory\"><\/i><\/a>\t    <\/div>\r\n\r\n\t    \t\t<\/div>\n\t\t\t\t<\/div>\n\t\t\t\t<\/div>\n\t\t\t\t<\/div>\n\t\t\t\t\t<\/div>\n\t\t<\/div>\n\t\t\t\t\t<\/div>\n\t\t<\/section>\n\t\t\t\t<\/div>","protected":false},"excerpt":{"rendered":"<p>Zapraszam do wsp\u00f3\u0142pracy Moja oferta Doradztwo podatkowe Jestem doradc\u0105 podatkowym z ponad 15-sto letnim do\u015bwiadczeniem, specjalizuj\u0119 si\u0119 w VAT, PCC, podatku od nieruchomo\u015bci, akcyzie. Z ch\u0119ci\u0119 wespr\u0119 Ci\u0119 w twoim biznesie, pomog\u0119 prawid\u0142owo zaplanowa\u0107 i rozliczy\u0107 transakcje, zabezpiecz\u0119 podatkowo tw\u00f3j biznes, tak \u017ceby\u015b m\u00f3g\u0142 si\u0119 skupi\u0107 na tym, na czym znasz si\u0119 najlepiej. Przygotowuj\u0119 opinie [&hellip;]<\/p>","protected":false},"author":4,"featured_media":0,"parent":0,"menu_order":0,"comment_status":"closed","ping_status":"closed","template":"","meta":{"footnotes":""},"class_list":["post-3032","page","type-page","status-publish","hentry"],"_links":{"self":[{"href":"https:\/\/makowski-tax.com\/en\/wp-json\/wp\/v2\/pages\/3032","targetHints":{"allow":["GET"]}}],"collection":[{"href":"https:\/\/makowski-tax.com\/en\/wp-json\/wp\/v2\/pages"}],"about":[{"href":"https:\/\/makowski-tax.com\/en\/wp-json\/wp\/v2\/types\/page"}],"author":[{"embeddable":true,"href":"https:\/\/makowski-tax.com\/en\/wp-json\/wp\/v2\/users\/4"}],"replies":[{"embeddable":true,"href":"https:\/\/makowski-tax.com\/en\/wp-json\/wp\/v2\/comments?post=3032"}],"version-history":[{"count":10,"href":"https:\/\/makowski-tax.com\/en\/wp-json\/wp\/v2\/pages\/3032\/revisions"}],"predecessor-version":[{"id":3048,"href":"https:\/\/makowski-tax.com\/en\/wp-json\/wp\/v2\/pages\/3032\/revisions\/3048"}],"wp:attachment":[{"href":"https:\/\/makowski-tax.com\/en\/wp-json\/wp\/v2\/media?parent=3032"}],"curies":[{"name":"wp","href":"https:\/\/api.w.org\/{rel}","templated":true}]}}