{"id":2265,"date":"2024-08-14T13:06:38","date_gmt":"2024-08-14T13:06:38","guid":{"rendered":"https:\/\/makowski-tax.com\/?page_id=2265"},"modified":"2025-03-21T13:33:29","modified_gmt":"2025-03-21T13:33:29","slug":"rejestracja-podmiotow-dla-celow-vat","status":"publish","type":"page","link":"https:\/\/makowski-tax.com\/en\/uslugi\/rejestracja-podmiotow-dla-celow-vat\/","title":{"rendered":"Registration for VAT purposes, registration for other taxes"},"content":{"rendered":"<div data-elementor-type=\"wp-page\" data-elementor-id=\"2265\" class=\"elementor elementor-2265\">\n\t\t\t\t<div class=\"elementor-element elementor-element-196a916 e-flex e-con-boxed e-con e-parent\" data-id=\"196a916\" data-element_type=\"container\">\n\t\t\t\t\t<div class=\"e-con-inner\">\n\t\t<div class=\"elementor-element elementor-element-b324ba2 e-con-full e-flex e-con e-child\" data-id=\"b324ba2\" data-element_type=\"container\">\n\t\t\t\t<div class=\"elementor-element elementor-element-92d1707 elementor-widget elementor-widget-heading\" data-id=\"92d1707\" data-element_type=\"widget\" data-widget_type=\"heading.default\">\n\t\t\t\t<div class=\"elementor-widget-container\">\n\t\t\t<style>\/*! elementor - v3.23.0 - 05-08-2024 *\/\n.elementor-heading-title{padding:0;margin:0;line-height:1}.elementor-widget-heading .elementor-heading-title[class*=elementor-size-]>a{color:inherit;font-size:inherit;line-height:inherit}.elementor-widget-heading .elementor-heading-title.elementor-size-small{font-size:15px}.elementor-widget-heading .elementor-heading-title.elementor-size-medium{font-size:19px}.elementor-widget-heading .elementor-heading-title.elementor-size-large{font-size:29px}.elementor-widget-heading .elementor-heading-title.elementor-size-xl{font-size:39px}.elementor-widget-heading .elementor-heading-title.elementor-size-xxl{font-size:59px}<\/style><h5 class=\"elementor-heading-title elementor-size-default\">Services<\/h5>\t\t<\/div>\n\t\t\t\t<\/div>\n\t\t<div class=\"elementor-element elementor-element-1e78687 e-con-full e-flex e-con e-child\" data-id=\"1e78687\" data-element_type=\"container\">\n\t\t<div class=\"elementor-element elementor-element-e2b8f8d e-con-full e-flex e-con e-child\" data-id=\"e2b8f8d\" data-element_type=\"container\">\n\t\t\t\t<div class=\"elementor-element elementor-element-4beb9b6 widget-title elementor-widget-divider--view-line elementor-widget elementor-widget-divider\" data-id=\"4beb9b6\" data-element_type=\"widget\" data-widget_type=\"divider.default\">\n\t\t\t\t<div class=\"elementor-widget-container\">\n\t\t\t<style>\/*! elementor - v3.23.0 - 05-08-2024 *\/\n.elementor-widget-divider{--divider-border-style:none;--divider-border-width:1px;--divider-color:#0c0d0e;--divider-icon-size:20px;--divider-element-spacing:10px;--divider-pattern-height:24px;--divider-pattern-size:20px;--divider-pattern-url:none;--divider-pattern-repeat:repeat-x}.elementor-widget-divider .elementor-divider{display:flex}.elementor-widget-divider .elementor-divider__text{font-size:15px;line-height:1;max-width:95%}.elementor-widget-divider .elementor-divider__element{margin:0 var(--divider-element-spacing);flex-shrink:0}.elementor-widget-divider .elementor-icon{font-size:var(--divider-icon-size)}.elementor-widget-divider .elementor-divider-separator{display:flex;margin:0;direction:ltr}.elementor-widget-divider--view-line_icon .elementor-divider-separator,.elementor-widget-divider--view-line_text .elementor-divider-separator{align-items:center}.elementor-widget-divider--view-line_icon .elementor-divider-separator:after,.elementor-widget-divider--view-line_icon .elementor-divider-separator:before,.elementor-widget-divider--view-line_text .elementor-divider-separator:after,.elementor-widget-divider--view-line_text .elementor-divider-separator:before{display:block;content:\"\";border-block-end:0;flex-grow:1;border-block-start:var(--divider-border-width) var(--divider-border-style) var(--divider-color)}.elementor-widget-divider--element-align-left .elementor-divider .elementor-divider-separator>.elementor-divider__svg:first-of-type{flex-grow:0;flex-shrink:100}.elementor-widget-divider--element-align-left .elementor-divider-separator:before{content:none}.elementor-widget-divider--element-align-left .elementor-divider__element{margin-left:0}.elementor-widget-divider--element-align-right .elementor-divider .elementor-divider-separator>.elementor-divider__svg:last-of-type{flex-grow:0;flex-shrink:100}.elementor-widget-divider--element-align-right .elementor-divider-separator:after{content:none}.elementor-widget-divider--element-align-right .elementor-divider__element{margin-right:0}.elementor-widget-divider--element-align-start .elementor-divider .elementor-divider-separator>.elementor-divider__svg:first-of-type{flex-grow:0;flex-shrink:100}.elementor-widget-divider--element-align-start .elementor-divider-separator:before{content:none}.elementor-widget-divider--element-align-start .elementor-divider__element{margin-inline-start:0}.elementor-widget-divider--element-align-end .elementor-divider .elementor-divider-separator>.elementor-divider__svg:last-of-type{flex-grow:0;flex-shrink:100}.elementor-widget-divider--element-align-end .elementor-divider-separator:after{content:none}.elementor-widget-divider--element-align-end .elementor-divider__element{margin-inline-end:0}.elementor-widget-divider:not(.elementor-widget-divider--view-line_text):not(.elementor-widget-divider--view-line_icon) .elementor-divider-separator{border-block-start:var(--divider-border-width) var(--divider-border-style) var(--divider-color)}.elementor-widget-divider--separator-type-pattern{--divider-border-style:none}.elementor-widget-divider--separator-type-pattern.elementor-widget-divider--view-line .elementor-divider-separator,.elementor-widget-divider--separator-type-pattern:not(.elementor-widget-divider--view-line) .elementor-divider-separator:after,.elementor-widget-divider--separator-type-pattern:not(.elementor-widget-divider--view-line) .elementor-divider-separator:before,.elementor-widget-divider--separator-type-pattern:not([class*=elementor-widget-divider--view]) .elementor-divider-separator{width:100%;min-height:var(--divider-pattern-height);-webkit-mask-size:var(--divider-pattern-size) 100%;mask-size:var(--divider-pattern-size) 100%;-webkit-mask-repeat:var(--divider-pattern-repeat);mask-repeat:var(--divider-pattern-repeat);background-color:var(--divider-color);-webkit-mask-image:var(--divider-pattern-url);mask-image:var(--divider-pattern-url)}.elementor-widget-divider--no-spacing{--divider-pattern-size:auto}.elementor-widget-divider--bg-round{--divider-pattern-repeat:round}.rtl .elementor-widget-divider .elementor-divider__text{direction:rtl}.e-con-inner>.elementor-widget-divider,.e-con>.elementor-widget-divider{width:var(--container-widget-width,100%);--flex-grow:var(--container-widget-flex-grow)}<\/style>\t\t<div class=\"elementor-divider\">\n\t\t\t<span class=\"elementor-divider-separator\">\n\t\t\t\t\t\t<\/span>\n\t\t<\/div>\n\t\t\t\t<\/div>\n\t\t\t\t<\/div>\n\t\t\t\t<\/div>\n\t\t<div class=\"elementor-element elementor-element-33e4d53 e-con-full e-flex e-con e-child\" data-id=\"33e4d53\" data-element_type=\"container\">\n\t\t\t\t<div class=\"elementor-element elementor-element-d8a52b4 elementor-widget-divider--view-line elementor-widget elementor-widget-divider\" data-id=\"d8a52b4\" data-element_type=\"widget\" data-widget_type=\"divider.default\">\n\t\t\t\t<div class=\"elementor-widget-container\">\n\t\t\t\t\t<div class=\"elementor-divider\">\n\t\t\t<span class=\"elementor-divider-separator\">\n\t\t\t\t\t\t<\/span>\n\t\t<\/div>\n\t\t\t\t<\/div>\n\t\t\t\t<\/div>\n\t\t\t\t<\/div>\n\t\t\t\t<\/div>\n\t\t\t\t<div class=\"elementor-element elementor-element-0787cbb elementor-icon-list--layout-traditional elementor-list-item-link-full_width elementor-widget elementor-widget-icon-list\" data-id=\"0787cbb\" data-element_type=\"widget\" data-widget_type=\"icon-list.default\">\n\t\t\t\t<div class=\"elementor-widget-container\">\n\t\t\t<link rel=\"stylesheet\" href=\"https:\/\/makowski-tax.com\/wp-content\/plugins\/elementor\/assets\/css\/widget-icon-list.min.css\">\t\t<ul class=\"elementor-icon-list-items\">\n\t\t\t\t\t\t\t<li class=\"elementor-icon-list-item\">\n\t\t\t\t\t\t\t\t\t\t\t<a href=\"https:\/\/makowski-tax.com\/en\/uslugi\/uslugi-doradztwa-podatkowego\/\">\n\n\t\t\t\t\t\t\t\t\t\t\t\t<span class=\"elementor-icon-list-icon\">\n\t\t\t\t\t\t\t<svg xmlns=\"http:\/\/www.w3.org\/2000\/svg\" xmlns:xlink=\"http:\/\/www.w3.org\/1999\/xlink\" id=\"Capa_1\" x=\"0px\" y=\"0px\" viewbox=\"0 0 29.107 29.107\" style=\"enable-background:new 0 0 29.107 29.107;\" xml:space=\"preserve\"><g>\t<g id=\"c147_full_moon\">\t\t<g>\t\t\t<path d=\"M14.554,0C6.561,0,0,6.562,0,14.552c0,7.996,6.561,14.555,14.554,14.555c7.996,0,14.553-6.559,14.553-14.555    C29.106,6.562,22.55,0,14.554,0z\"><\/path>\t\t<\/g>\t<\/g>\t<g id=\"Capa_1_14_\">\t<\/g><\/g><g><\/g><g><\/g><g><\/g><g><\/g><g><\/g><g><\/g><g><\/g><g><\/g><g><\/g><g><\/g><g><\/g><g><\/g><g><\/g><g><\/g><g><\/g><\/svg>\t\t\t\t\t\t<\/span>\n\t\t\t\t\t\t\t\t\t\t<span class=\"elementor-icon-list-text\">Tax advisory services<\/span>\n\t\t\t\t\t\t\t\t\t\t\t<\/a>\n\t\t\t\t\t\t\t\t\t<\/li>\n\t\t\t\t\t\t\t\t<li class=\"elementor-icon-list-item\">\n\t\t\t\t\t\t\t\t\t\t\t<a href=\"https:\/\/makowski-tax.com\/en\/uslugi\/wdrazanie-nowych-obowiazkow-podatkowych\/\">\n\n\t\t\t\t\t\t\t\t\t\t\t\t<span class=\"elementor-icon-list-icon\">\n\t\t\t\t\t\t\t<svg xmlns=\"http:\/\/www.w3.org\/2000\/svg\" xmlns:xlink=\"http:\/\/www.w3.org\/1999\/xlink\" id=\"Capa_1\" x=\"0px\" y=\"0px\" viewbox=\"0 0 29.107 29.107\" style=\"enable-background:new 0 0 29.107 29.107;\" xml:space=\"preserve\"><g>\t<g id=\"c147_full_moon\">\t\t<g>\t\t\t<path d=\"M14.554,0C6.561,0,0,6.562,0,14.552c0,7.996,6.561,14.555,14.554,14.555c7.996,0,14.553-6.559,14.553-14.555    C29.106,6.562,22.55,0,14.554,0z\"><\/path>\t\t<\/g>\t<\/g>\t<g id=\"Capa_1_14_\">\t<\/g><\/g><g><\/g><g><\/g><g><\/g><g><\/g><g><\/g><g><\/g><g><\/g><g><\/g><g><\/g><g><\/g><g><\/g><g><\/g><g><\/g><g><\/g><g><\/g><\/svg>\t\t\t\t\t\t<\/span>\n\t\t\t\t\t\t\t\t\t\t<span class=\"elementor-icon-list-text\">Assistance in implementing IT obligations in taxes<\/span>\n\t\t\t\t\t\t\t\t\t\t\t<\/a>\n\t\t\t\t\t\t\t\t\t<\/li>\n\t\t\t\t\t\t\t\t<li class=\"elementor-icon-list-item\">\n\t\t\t\t\t\t\t\t\t\t\t<a href=\"https:\/\/makowski-tax.com\/en\/uslugi\/konsultacje-podatkowe-projektow-legislacyjnych\/\">\n\n\t\t\t\t\t\t\t\t\t\t\t\t<span class=\"elementor-icon-list-icon\">\n\t\t\t\t\t\t\t<svg xmlns=\"http:\/\/www.w3.org\/2000\/svg\" xmlns:xlink=\"http:\/\/www.w3.org\/1999\/xlink\" id=\"Capa_1\" x=\"0px\" y=\"0px\" viewbox=\"0 0 29.107 29.107\" style=\"enable-background:new 0 0 29.107 29.107;\" xml:space=\"preserve\"><g>\t<g id=\"c147_full_moon\">\t\t<g>\t\t\t<path d=\"M14.554,0C6.561,0,0,6.562,0,14.552c0,7.996,6.561,14.555,14.554,14.555c7.996,0,14.553-6.559,14.553-14.555    C29.106,6.562,22.55,0,14.554,0z\"><\/path>\t\t<\/g>\t<\/g>\t<g id=\"Capa_1_14_\">\t<\/g><\/g><g><\/g><g><\/g><g><\/g><g><\/g><g><\/g><g><\/g><g><\/g><g><\/g><g><\/g><g><\/g><g><\/g><g><\/g><g><\/g><g><\/g><g><\/g><\/svg>\t\t\t\t\t\t<\/span>\n\t\t\t\t\t\t\t\t\t\t<span class=\"elementor-icon-list-text\">Public consultations on legislative proposals<\/span>\n\t\t\t\t\t\t\t\t\t\t\t<\/a>\n\t\t\t\t\t\t\t\t\t<\/li>\n\t\t\t\t\t\t\t\t<li class=\"elementor-icon-list-item\">\n\t\t\t\t\t\t\t\t\t\t\t<a href=\"https:\/\/makowski-tax.com\/en\/uslugi\/rejestracja-podmiotow-dla-celow-vat\/\">\n\n\t\t\t\t\t\t\t\t\t\t\t\t<span class=\"elementor-icon-list-icon\">\n\t\t\t\t\t\t\t<svg xmlns=\"http:\/\/www.w3.org\/2000\/svg\" xmlns:xlink=\"http:\/\/www.w3.org\/1999\/xlink\" id=\"Capa_1\" x=\"0px\" y=\"0px\" viewbox=\"0 0 29.107 29.107\" style=\"enable-background:new 0 0 29.107 29.107;\" xml:space=\"preserve\"><g>\t<g id=\"c147_full_moon\">\t\t<g>\t\t\t<path d=\"M14.554,0C6.561,0,0,6.562,0,14.552c0,7.996,6.561,14.555,14.554,14.555c7.996,0,14.553-6.559,14.553-14.555    C29.106,6.562,22.55,0,14.554,0z\"><\/path>\t\t<\/g>\t<\/g>\t<g id=\"Capa_1_14_\">\t<\/g><\/g><g><\/g><g><\/g><g><\/g><g><\/g><g><\/g><g><\/g><g><\/g><g><\/g><g><\/g><g><\/g><g><\/g><g><\/g><g><\/g><g><\/g><g><\/g><\/svg>\t\t\t\t\t\t<\/span>\n\t\t\t\t\t\t\t\t\t\t<span class=\"elementor-icon-list-text\">Registration of entities for VAT purposes<\/span>\n\t\t\t\t\t\t\t\t\t\t\t<\/a>\n\t\t\t\t\t\t\t\t\t<\/li>\n\t\t\t\t\t\t<\/ul>\n\t\t\t\t<\/div>\n\t\t\t\t<\/div>\n\t\t\t\t<\/div>\n\t\t<div class=\"elementor-element elementor-element-1e6151a e-con-full e-flex e-con e-child\" data-id=\"1e6151a\" data-element_type=\"container\">\n\t\t\t\t<div class=\"elementor-element elementor-element-5cd63c2 elementor-widget elementor-widget-heading\" data-id=\"5cd63c2\" data-element_type=\"widget\" data-widget_type=\"heading.default\">\n\t\t\t\t<div class=\"elementor-widget-container\">\n\t\t\t<h3 class=\"elementor-heading-title elementor-size-default\">Registration for VAT purposes, registration for other taxes<\/h3>\t\t<\/div>\n\t\t\t\t<\/div>\n\t\t\t\t<div class=\"elementor-element elementor-element-4f2abc1 elementor-widget elementor-widget-text-editor\" data-id=\"4f2abc1\" data-element_type=\"widget\" data-widget_type=\"text-editor.default\">\n\t\t\t\t<div class=\"elementor-widget-container\">\n\t\t\t<style>\/*! elementor - v3.23.0 - 05-08-2024 *\/\n.elementor-widget-text-editor.elementor-drop-cap-view-stacked .elementor-drop-cap{background-color:#69727d;color:#fff}.elementor-widget-text-editor.elementor-drop-cap-view-framed .elementor-drop-cap{color:#69727d;border:3px solid;background-color:transparent}.elementor-widget-text-editor:not(.elementor-drop-cap-view-default) .elementor-drop-cap{margin-top:8px}.elementor-widget-text-editor:not(.elementor-drop-cap-view-default) .elementor-drop-cap-letter{width:1em;height:1em}.elementor-widget-text-editor .elementor-drop-cap{float:left;text-align:center;line-height:1;font-size:50px}.elementor-widget-text-editor .elementor-drop-cap-letter{display:inline-block}<\/style>\t\t\t\t<p>VAT registration, if required, is not a simple process. Tax authorities require the provision of specific documents, information and explanations. In addition, it is good to have a proper registered office, as well as a bank account in Poland.<\/p><p>Registration for VAT purposes is not automatic and tax authorities may refuse to grant it if the documentation is incomplete or does not meet the requirements.<\/p><p>It is therefore crucial to prepare carefully and ensure that all required documentation is correct, that the reason for registering for VAT has a proper business justification and that all obligations are met. I will help you to facilitate this process, minimizing the risk of errors and delays.<\/p><p>If you are thinking about registering your business in another European Union Member State, I can help with that too.\u00a0<\/p><p>I will also help you complete formalities related to settling other taxes, such as excise duty or PCC.\u00a0<\/p><p>Leave the formalities to me, you take care of your business.\u00a0<\/p><p>Feel free to contact me!<\/p>\t\t\t\t\t\t<\/div>\n\t\t\t\t<\/div>\n\t\t\t\t<div class=\"elementor-element elementor-element-5fac369 elementor-widget elementor-widget-heading\" data-id=\"5fac369\" data-element_type=\"widget\" data-widget_type=\"heading.default\">\n\t\t\t\t<div class=\"elementor-widget-container\">\n\t\t\t<h3 class=\"elementor-heading-title elementor-size-default\">As part of my services, I can:<\/h3>\t\t<\/div>\n\t\t\t\t<\/div>\n\t\t<div class=\"elementor-element elementor-element-3db9fe5 e-con-full e-flex e-con e-child\" data-id=\"3db9fe5\" data-element_type=\"container\">\n\t\t<div class=\"elementor-element elementor-element-6f3e341 e-con-full e-flex e-con e-child\" data-id=\"6f3e341\" data-element_type=\"container\">\n\t\t\t\t<div class=\"elementor-element elementor-element-35ef12c icon-box-us\u0142ugi box-s1 icon-left bline-no elementor-widget elementor-widget-iiconbox2\" data-id=\"35ef12c\" data-element_type=\"widget\" data-widget_type=\"iiconbox2.default\">\n\t\t\t\t<div class=\"elementor-widget-container\">\n\t\t\t\t\t<div class=\"icon-box icon-box-2\">\r\n\t\t\t<div class=\"icon-main\">\r\n\t\t        <svg xmlns=\"http:\/\/www.w3.org\/2000\/svg\" xmlns:xlink=\"http:\/\/www.w3.org\/1999\/xlink\" id=\"Capa_1\" x=\"0px\" y=\"0px\" viewbox=\"0 0 427.733 427.733\" style=\"enable-background:new 0 0 427.733 427.733;\" xml:space=\"preserve\"><g>\t<g>\t\t<path d=\"M365.465,62.4c-83.2-83.2-219.733-83.2-302.933,0s-83.2,219.733,0,302.933s217.6,83.2,300.8,0   C448.665,282.133,448.665,145.6,365.465,62.4z M171.332,320.533L85.999,235.2l29.867-29.867l55.467,55.467l140.8-140.8   l29.867,29.867L171.332,320.533z\"><\/path>\t<\/g><\/g><g><\/g><g><\/g><g><\/g><g><\/g><g><\/g><g><\/g><g><\/g><g><\/g><g><\/g><g><\/g><g><\/g><g><\/g><g><\/g><g><\/g><g><\/g><\/svg>\t        <\/div>\r\n\t        <div class=\"content-box\">\r\n\t\t\t\t\t\t\t\t<p>Support in preparing a complete set of documents, declarations and information necessary for registration<\/p>\t\t\t<\/div>\r\n\t    <\/div>\r\n\t    \t\t<\/div>\n\t\t\t\t<\/div>\n\t\t\t\t<\/div>\n\t\t<div class=\"elementor-element elementor-element-1c77416 e-con-full e-flex e-con e-child\" data-id=\"1c77416\" data-element_type=\"container\">\n\t\t\t\t<div class=\"elementor-element elementor-element-3195f8d icon-box-us\u0142ugi box-s1 icon-left bline-no elementor-widget elementor-widget-iiconbox2\" data-id=\"3195f8d\" data-element_type=\"widget\" data-widget_type=\"iiconbox2.default\">\n\t\t\t\t<div class=\"elementor-widget-container\">\n\t\t\t\t\t<div class=\"icon-box icon-box-2\">\r\n\t\t\t<div class=\"icon-main\">\r\n\t\t        <svg xmlns=\"http:\/\/www.w3.org\/2000\/svg\" xmlns:xlink=\"http:\/\/www.w3.org\/1999\/xlink\" id=\"Capa_1\" x=\"0px\" y=\"0px\" viewbox=\"0 0 427.733 427.733\" style=\"enable-background:new 0 0 427.733 427.733;\" xml:space=\"preserve\"><g>\t<g>\t\t<path d=\"M365.465,62.4c-83.2-83.2-219.733-83.2-302.933,0s-83.2,219.733,0,302.933s217.6,83.2,300.8,0   C448.665,282.133,448.665,145.6,365.465,62.4z M171.332,320.533L85.999,235.2l29.867-29.867l55.467,55.467l140.8-140.8   l29.867,29.867L171.332,320.533z\"><\/path>\t<\/g><\/g><g><\/g><g><\/g><g><\/g><g><\/g><g><\/g><g><\/g><g><\/g><g><\/g><g><\/g><g><\/g><g><\/g><g><\/g><g><\/g><g><\/g><g><\/g><\/svg>\t        <\/div>\r\n\t        <div class=\"content-box\">\r\n\t\t\t\t\t\t\t\t<p>Take over contact with the tax office regarding explanations and additions to the registration application<\/p>\t\t\t<\/div>\r\n\t    <\/div>\r\n\t    \t\t<\/div>\n\t\t\t\t<\/div>\n\t\t\t\t<\/div>\n\t\t\t\t<\/div>\n\t\t<div class=\"elementor-element elementor-element-03ccbbf e-con-full e-flex e-con e-child\" data-id=\"03ccbbf\" data-element_type=\"container\" data-settings=\"{&quot;background_background&quot;:&quot;classic&quot;}\">\n\t\t<div class=\"elementor-element elementor-element-1d0bcf6 e-con-full e-flex e-con e-child\" data-id=\"1d0bcf6\" data-element_type=\"container\">\n\t\t\t\t<div class=\"elementor-element elementor-element-81e518f elementor-widget__width-initial elementor-widget elementor-widget-heading\" data-id=\"81e518f\" data-element_type=\"widget\" data-widget_type=\"heading.default\">\n\t\t\t\t<div class=\"elementor-widget-container\">\n\t\t\t<h3 class=\"elementor-heading-title elementor-size-default\">Thanks to my experience in consulting and tax administration, I know how to communicate efficiently with offices, what to pay attention to so that the process runs as quickly as possible<\/h3>\t\t<\/div>\n\t\t\t\t<\/div>\n\t\t\t\t<div class=\"elementor-element elementor-element-44123c4 elementor-widget elementor-widget-ibutton\" data-id=\"44123c4\" data-element_type=\"widget\" data-widget_type=\"ibutton.default\">\n\t\t\t\t<div class=\"elementor-widget-container\">\n\t\t\t\t\t<div class=\"ot-button\">\r\n\t\t\t<a href=\"https:\/\/makowski-tax.com\/en\/kontakt\/\" class=\"octf-btn octf-btn-light\">Text me<\/a>\r\n\t    <\/div>\r\n\t    \t\t<\/div>\n\t\t\t\t<\/div>\n\t\t\t\t<\/div>\n\t\t<div class=\"elementor-element elementor-element-9bb82ab e-con-full e-flex e-con e-child\" data-id=\"9bb82ab\" data-element_type=\"container\">\n\t\t\t\t<\/div>\n\t\t\t\t<\/div>\n\t\t\t\t<div class=\"elementor-element elementor-element-e51ff3f elementor-widget elementor-widget-heading\" data-id=\"e51ff3f\" data-element_type=\"widget\" data-widget_type=\"heading.default\">\n\t\t\t\t<div class=\"elementor-widget-container\">\n\t\t\t<h6 class=\"elementor-heading-title elementor-size-default\">What makes me stand out<\/h6>\t\t<\/div>\n\t\t\t\t<\/div>\n\t\t\t\t<\/div>\n\t\t\t\t\t<\/div>\n\t\t\t\t<\/div>\n\t\t\t\t<\/div>","protected":false},"excerpt":{"rendered":"<p>Us\u0142ugi Us\u0142ugi doradztwa podatkowego Pomoc we wdra\u017caniu obowi\u0105zk\u00f3w IT w podatkach Konsultacje publiczne projekt\u00f3w legislacyjnych Rejestracja podmiot\u00f3w dla cel\u00f3w VAT Rejestracja dla cel\u00f3w VAT, rejestracja dla cel\u00f3w innych podatk\u00f3w Rejestracja dla cel\u00f3w VAT, je\u015bli jest wymagana, nie jest prostym procesem. Organy podatkowe wymagaj\u0105 dostarczenia konkretnych dokument\u00f3w, informacji i wyja\u015bnie\u0144. Ponadto, dobrze jest posiada\u0107 odpowiedni\u0105 siedzib\u0119, [&hellip;]<\/p>","protected":false},"author":2,"featured_media":0,"parent":868,"menu_order":0,"comment_status":"closed","ping_status":"closed","template":"","meta":{"footnotes":""},"class_list":["post-2265","page","type-page","status-publish","hentry"],"_links":{"self":[{"href":"https:\/\/makowski-tax.com\/en\/wp-json\/wp\/v2\/pages\/2265","targetHints":{"allow":["GET"]}}],"collection":[{"href":"https:\/\/makowski-tax.com\/en\/wp-json\/wp\/v2\/pages"}],"about":[{"href":"https:\/\/makowski-tax.com\/en\/wp-json\/wp\/v2\/types\/page"}],"author":[{"embeddable":true,"href":"https:\/\/makowski-tax.com\/en\/wp-json\/wp\/v2\/users\/2"}],"replies":[{"embeddable":true,"href":"https:\/\/makowski-tax.com\/en\/wp-json\/wp\/v2\/comments?post=2265"}],"version-history":[{"count":41,"href":"https:\/\/makowski-tax.com\/en\/wp-json\/wp\/v2\/pages\/2265\/revisions"}],"predecessor-version":[{"id":3075,"href":"https:\/\/makowski-tax.com\/en\/wp-json\/wp\/v2\/pages\/2265\/revisions\/3075"}],"up":[{"embeddable":true,"href":"https:\/\/makowski-tax.com\/en\/wp-json\/wp\/v2\/pages\/868"}],"wp:attachment":[{"href":"https:\/\/makowski-tax.com\/en\/wp-json\/wp\/v2\/media?parent=2265"}],"curies":[{"name":"wp","href":"https:\/\/api.w.org\/{rel}","templated":true}]}}